{"id":748,"date":"2024-01-08T15:40:59","date_gmt":"2024-01-08T18:40:59","guid":{"rendered":"https:\/\/unisen.com.br\/site\/?page_id=748"},"modified":"2024-02-02T21:58:28","modified_gmt":"2024-02-03T00:58:28","slug":"login-cadastrante","status":"publish","type":"page","link":"https:\/\/unisen.com.br\/site\/login-cadastrante\/","title":{"rendered":"Login Cadastrante"},"content":{"rendered":"\t\t<div data-elementor-type=\"wp-page\" data-elementor-id=\"748\" class=\"elementor elementor-748\">\n\t\t\t\t\t\t<section class=\"elementor-section elementor-top-section elementor-element elementor-element-5cb074d elementor-section-boxed elementor-section-height-default elementor-section-height-default\" data-id=\"5cb074d\" data-element_type=\"section\" data-e-type=\"section\">\n\t\t\t\t\t\t<div class=\"elementor-container elementor-column-gap-default\">\n\t\t\t\t\t<div class=\"elementor-column elementor-col-33 elementor-top-column elementor-element elementor-element-9e6e15b\" data-id=\"9e6e15b\" data-element_type=\"column\" data-e-type=\"column\">\n\t\t\t<div class=\"elementor-widget-wrap\">\n\t\t\t\t\t\t\t<\/div>\n\t\t<\/div>\n\t\t\t\t<div class=\"elementor-column elementor-col-33 elementor-top-column elementor-element elementor-element-aa0084a\" data-id=\"aa0084a\" data-element_type=\"column\" data-e-type=\"column\">\n\t\t\t<div class=\"elementor-widget-wrap\">\n\t\t\t\t\t\t\t<\/div>\n\t\t<\/div>\n\t\t\t\t<div class=\"elementor-column elementor-col-33 elementor-top-column elementor-element elementor-element-c0c87c5\" data-id=\"c0c87c5\" data-element_type=\"column\" data-e-type=\"column\">\n\t\t\t<div class=\"elementor-widget-wrap\">\n\t\t\t\t\t\t\t<\/div>\n\t\t<\/div>\n\t\t\t\t\t<\/div>\n\t\t<\/section>\n\t\t\t\t<section class=\"elementor-section elementor-top-section elementor-element elementor-element-b7f5b89 elementor-section-boxed elementor-section-height-default elementor-section-height-default\" data-id=\"b7f5b89\" data-element_type=\"section\" data-e-type=\"section\">\n\t\t\t\t\t\t<div class=\"elementor-container elementor-column-gap-default\">\n\t\t\t\t\t<div class=\"elementor-column elementor-col-33 elementor-top-column elementor-element elementor-element-18ff005\" data-id=\"18ff005\" data-element_type=\"column\" data-e-type=\"column\">\n\t\t\t<div class=\"elementor-widget-wrap\">\n\t\t\t\t\t\t\t<\/div>\n\t\t<\/div>\n\t\t\t\t<div class=\"elementor-column elementor-col-33 elementor-top-column elementor-element elementor-element-1ae7758\" data-id=\"1ae7758\" data-element_type=\"column\" data-e-type=\"column\">\n\t\t\t<div class=\"elementor-widget-wrap elementor-element-populated\">\n\t\t\t\t\t\t<div class=\"elementor-element elementor-element-412142e de_scroll_animation_no elementor-widget elementor-widget-shortcode\" data-id=\"412142e\" data-element_type=\"widget\" data-e-type=\"widget\" data-widget_type=\"shortcode.default\">\n\t\t\t\t<div class=\"elementor-widget-container\">\n\t\t\t\t\t\t\t<div class=\"elementor-shortcode\"><\/div>\n\t\t\t\t\t\t<\/div>\n\t\t\t\t<\/div>\n\t\t\t\t<div class=\"elementor-element elementor-element-fb02bd8 elementor-widget__width-initial de_scroll_animation_no elementor-widget elementor-widget-wp-widget-forminator_widget\" data-id=\"fb02bd8\" data-element_type=\"widget\" data-e-type=\"widget\" data-widget_type=\"wp-widget-forminator_widget.default\">\n\t\t\t\t<div class=\"elementor-widget-container\">\n\t\t\t\t\t<div class=\"forminator-ui forminator-custom-form forminator-custom-form-769 forminator-design--material  \" data-forminator-render=\"0\" data-form=\"forminator-module-769\" data-uid=\"69ea315677a88\"><br\/><\/div><form\n\t\t\t\tid=\"forminator-module-769\"\n\t\t\t\tclass=\"forminator-ui forminator-custom-form forminator-custom-form-769 forminator-design--material  \"\n\t\t\t\tmethod=\"post\"\n\t\t\t\tdata-forminator-render=\"0\"\n\t\t\t\tdata-form-id=\"769\"\n\t\t\t\t data-color-option=\"default\" data-design=\"material\" data-grid=\"open\" style=\"display: none;\"\n\t\t\t\tdata-uid=\"69ea315677a88\"\n\t\t\t><div role=\"alert\" aria-live=\"polite\" class=\"forminator-response-message forminator-error\" aria-hidden=\"true\"><\/div><div class=\"forminator-row\"><div id=\"section-1\" class=\"forminator-field-section forminator-col forminator-col-12  titulo-form-login\"><div class=\"forminator-field\"><h2 class=\"forminator-title\">ENVIAR CONTRATO ASSINADO<\/h2><h3 class=\"forminator-subtitle\">Fa\u00e7a login para enviar seu contrato.<\/h3><\/div><\/div><\/div><div class=\"forminator-row\"><div id=\"text-1\" class=\"forminator-field-text forminator-col forminator-col-12 \"><div class=\"forminator-field\"><label for=\"forminator-field-text-1_69ea315677a88\" id=\"forminator-field-text-1_69ea315677a88-label\" class=\"forminator-label\">Usu\u00e1rio ou E-mail <span class=\"forminator-required\">*<\/span><\/label><input type=\"text\" name=\"text-1\" value=\"\" placeholder=\"Digite o nome de usu\u00e1rio ou e-mail\" id=\"forminator-field-text-1_69ea315677a88\" class=\"forminator-input forminator-name--field\" data-required=\"true\" \/><\/div><\/div><\/div><div class=\"forminator-row\"><div id=\"password-1\" class=\"forminator-field-password forminator-col forminator-col-12 \"><div class=\"forminator-field\"><label for=\"forminator-field-password-1_69ea315677a88\" id=\"forminator-field-password-1_69ea315677a88-label\" class=\"forminator-label\">Senha <span class=\"forminator-required\">*<\/span><\/label><input name=\"password-1\" value=\"\" placeholder=\"Insira sua senha\" id=\"forminator-field-password-1_69ea315677a88\" class=\"forminator-input forminator-name--field\" data-required=\"true\" type=\"password\" aria-describedby=\"forminator-field-password-1_69ea315677a88-description\" \/><\/div><div class=\"forminator-description forminator-description-password\" id=\"forminator-field-password-1_69ea315677a88-description\"><a href=\"https:\/\/unisen.com.br\/site\/wp-login.php?action=lostpassword&amp;redirect_to\" title=\"Senha perdida\" target=\"_blank\">Perdeu sua senha?<\/a><\/div><\/div><\/div><input type=\"hidden\" name=\"referer_url\" value=\"\" \/><div class=\"forminator-row forminator-row-last\"><div class=\"forminator-col\"><div class=\"forminator-field\"><button class=\"forminator-button forminator-button-submit btn-enviar-contrato\"><span>Login<\/span><span aria-hidden=\"true\"><\/span><\/button><\/div><\/div><\/div><input type=\"hidden\" id=\"forminator_nonce\" name=\"forminator_nonce\" value=\"6c03e036a5\" \/><input type=\"hidden\" name=\"_wp_http_referer\" value=\"\/site\/wp-json\/wp\/v2\/pages\/748\" \/><input type=\"hidden\" name=\"form_id\" value=\"769\"><input type=\"hidden\" name=\"page_id\" value=\"748\"><input type=\"hidden\" name=\"form_type\" value=\"login\"><input type=\"hidden\" name=\"current_url\" value=\"https:\/\/unisen.com.br\/site\/login-cadastrante\/\"><input type=\"hidden\" name=\"render_id\" value=\"0\"><input type=\"hidden\" name=\"redirect_to\" value=\"https:\/\/unisen.com.br\/site\/wp-admin\/\"><input type=\"hidden\" name=\"action\" value=\"forminator_submit_form_custom-forms\"><\/form>\t\t\t\t<\/div>\n\t\t\t\t<\/div>\n\t\t\t\t\t<\/div>\n\t\t<\/div>\n\t\t\t\t<div class=\"elementor-column elementor-col-33 elementor-top-column elementor-element elementor-element-57d4720\" data-id=\"57d4720\" data-element_type=\"column\" data-e-type=\"column\">\n\t\t\t<div class=\"elementor-widget-wrap\">\n\t\t\t\t\t\t\t<\/div>\n\t\t<\/div>\n\t\t\t\t\t<\/div>\n\t\t<\/section>\n\t\t\t\t<\/div>\n\t\t","protected":false},"excerpt":{"rendered":"","protected":false},"author":1,"featured_media":0,"parent":0,"menu_order":0,"comment_status":"closed","ping_status":"closed","template":"","meta":{"footnotes":""},"class_list":["post-748","page","type-page","status-publish","hentry"],"yoast_head":"<!-- This site is optimized with the Yoast SEO plugin v27.4 - https:\/\/yoast.com\/product\/yoast-seo-wordpress\/ -->\n<title>Login Cadastrante - UNISEN - Servi\u00e7os M\u00e9dicos<\/title>\n<meta name=\"robots\" content=\"noindex, nofollow\" \/>\n<meta property=\"og:locale\" content=\"pt_BR\" \/>\n<meta property=\"og:type\" content=\"article\" \/>\n<meta property=\"og:title\" content=\"Login Cadastrante - UNISEN - Servi\u00e7os M\u00e9dicos\" \/>\n<meta property=\"og:url\" content=\"https:\/\/unisen.com.br\/site\/login-cadastrante\/\" \/>\n<meta property=\"og:site_name\" content=\"UNISEN - Servi\u00e7os M\u00e9dicos\" \/>\n<meta property=\"article:modified_time\" content=\"2024-02-03T00:58:28+00:00\" \/>\n<meta name=\"twitter:card\" content=\"summary_large_image\" \/>\n<meta name=\"twitter:label1\" content=\"Est. tempo de leitura\" \/>\n\t<meta name=\"twitter:data1\" content=\"1 minuto\" \/>\n<script type=\"application\/ld+json\" class=\"yoast-schema-graph\">{\"@context\":\"https:\\\/\\\/schema.org\",\"@graph\":[{\"@type\":\"WebPage\",\"@id\":\"https:\\\/\\\/unisen.com.br\\\/site\\\/login-cadastrante\\\/\",\"url\":\"https:\\\/\\\/unisen.com.br\\\/site\\\/login-cadastrante\\\/\",\"name\":\"Login Cadastrante - UNISEN - Servi\u00e7os M\u00e9dicos\",\"isPartOf\":{\"@id\":\"https:\\\/\\\/unisen.com.br\\\/site\\\/#website\"},\"datePublished\":\"2024-01-08T18:40:59+00:00\",\"dateModified\":\"2024-02-03T00:58:28+00:00\",\"breadcrumb\":{\"@id\":\"https:\\\/\\\/unisen.com.br\\\/site\\\/login-cadastrante\\\/#breadcrumb\"},\"inLanguage\":\"pt-BR\",\"potentialAction\":[{\"@type\":\"ReadAction\",\"target\":[\"https:\\\/\\\/unisen.com.br\\\/site\\\/login-cadastrante\\\/\"]}]},{\"@type\":\"BreadcrumbList\",\"@id\":\"https:\\\/\\\/unisen.com.br\\\/site\\\/login-cadastrante\\\/#breadcrumb\",\"itemListElement\":[{\"@type\":\"ListItem\",\"position\":1,\"name\":\"In\u00edcio\",\"item\":\"https:\\\/\\\/unisen.com.br\\\/site\\\/\"},{\"@type\":\"ListItem\",\"position\":2,\"name\":\"Login Cadastrante\"}]},{\"@type\":\"WebSite\",\"@id\":\"https:\\\/\\\/unisen.com.br\\\/site\\\/#website\",\"url\":\"https:\\\/\\\/unisen.com.br\\\/site\\\/\",\"name\":\"UNISEN - Servi\u00e7os M\u00e9dicos\",\"description\":\"Escalas M\u00e9dicas com Gest\u00e3o Hospitalar Completa e Otimizada para M\u00e9dicos, Equipes M\u00e9dicas e Administra\u00e7\u00e3o Inteligente Hospitalar\",\"publisher\":{\"@id\":\"https:\\\/\\\/unisen.com.br\\\/site\\\/#organization\"},\"potentialAction\":[{\"@type\":\"SearchAction\",\"target\":{\"@type\":\"EntryPoint\",\"urlTemplate\":\"https:\\\/\\\/unisen.com.br\\\/site\\\/?s={search_term_string}\"},\"query-input\":{\"@type\":\"PropertyValueSpecification\",\"valueRequired\":true,\"valueName\":\"search_term_string\"}}],\"inLanguage\":\"pt-BR\"},{\"@type\":\"Organization\",\"@id\":\"https:\\\/\\\/unisen.com.br\\\/site\\\/#organization\",\"name\":\"UNISEN - Servi\u00e7os M\u00e9dicos\",\"url\":\"https:\\\/\\\/unisen.com.br\\\/site\\\/\",\"logo\":{\"@type\":\"ImageObject\",\"inLanguage\":\"pt-BR\",\"@id\":\"https:\\\/\\\/unisen.com.br\\\/site\\\/#\\\/schema\\\/logo\\\/image\\\/\",\"url\":\"https:\\\/\\\/unisen.com.br\\\/site\\\/wp-content\\\/uploads\\\/2023\\\/05\\\/customcolor_logo_customcolor_background-scaled.webp\",\"contentUrl\":\"https:\\\/\\\/unisen.com.br\\\/site\\\/wp-content\\\/uploads\\\/2023\\\/05\\\/customcolor_logo_customcolor_background-scaled.webp\",\"width\":2560,\"height\":1536,\"caption\":\"UNISEN - Servi\u00e7os M\u00e9dicos\"},\"image\":{\"@id\":\"https:\\\/\\\/unisen.com.br\\\/site\\\/#\\\/schema\\\/logo\\\/image\\\/\"}}]}<\/script>\n<!-- \/ Yoast SEO plugin. -->","yoast_head_json":{"title":"Login Cadastrante - UNISEN - Servi\u00e7os M\u00e9dicos","robots":{"index":"noindex","follow":"nofollow"},"og_locale":"pt_BR","og_type":"article","og_title":"Login Cadastrante - UNISEN - Servi\u00e7os M\u00e9dicos","og_url":"https:\/\/unisen.com.br\/site\/login-cadastrante\/","og_site_name":"UNISEN - Servi\u00e7os M\u00e9dicos","article_modified_time":"2024-02-03T00:58:28+00:00","twitter_card":"summary_large_image","twitter_misc":{"Est. tempo de leitura":"1 minuto"},"schema":{"@context":"https:\/\/schema.org","@graph":[{"@type":"WebPage","@id":"https:\/\/unisen.com.br\/site\/login-cadastrante\/","url":"https:\/\/unisen.com.br\/site\/login-cadastrante\/","name":"Login Cadastrante - UNISEN - Servi\u00e7os M\u00e9dicos","isPartOf":{"@id":"https:\/\/unisen.com.br\/site\/#website"},"datePublished":"2024-01-08T18:40:59+00:00","dateModified":"2024-02-03T00:58:28+00:00","breadcrumb":{"@id":"https:\/\/unisen.com.br\/site\/login-cadastrante\/#breadcrumb"},"inLanguage":"pt-BR","potentialAction":[{"@type":"ReadAction","target":["https:\/\/unisen.com.br\/site\/login-cadastrante\/"]}]},{"@type":"BreadcrumbList","@id":"https:\/\/unisen.com.br\/site\/login-cadastrante\/#breadcrumb","itemListElement":[{"@type":"ListItem","position":1,"name":"In\u00edcio","item":"https:\/\/unisen.com.br\/site\/"},{"@type":"ListItem","position":2,"name":"Login Cadastrante"}]},{"@type":"WebSite","@id":"https:\/\/unisen.com.br\/site\/#website","url":"https:\/\/unisen.com.br\/site\/","name":"UNISEN - Servi\u00e7os M\u00e9dicos","description":"Escalas M\u00e9dicas com Gest\u00e3o Hospitalar Completa e Otimizada para M\u00e9dicos, Equipes M\u00e9dicas e Administra\u00e7\u00e3o Inteligente Hospitalar","publisher":{"@id":"https:\/\/unisen.com.br\/site\/#organization"},"potentialAction":[{"@type":"SearchAction","target":{"@type":"EntryPoint","urlTemplate":"https:\/\/unisen.com.br\/site\/?s={search_term_string}"},"query-input":{"@type":"PropertyValueSpecification","valueRequired":true,"valueName":"search_term_string"}}],"inLanguage":"pt-BR"},{"@type":"Organization","@id":"https:\/\/unisen.com.br\/site\/#organization","name":"UNISEN - Servi\u00e7os M\u00e9dicos","url":"https:\/\/unisen.com.br\/site\/","logo":{"@type":"ImageObject","inLanguage":"pt-BR","@id":"https:\/\/unisen.com.br\/site\/#\/schema\/logo\/image\/","url":"https:\/\/unisen.com.br\/site\/wp-content\/uploads\/2023\/05\/customcolor_logo_customcolor_background-scaled.webp","contentUrl":"https:\/\/unisen.com.br\/site\/wp-content\/uploads\/2023\/05\/customcolor_logo_customcolor_background-scaled.webp","width":2560,"height":1536,"caption":"UNISEN - Servi\u00e7os M\u00e9dicos"},"image":{"@id":"https:\/\/unisen.com.br\/site\/#\/schema\/logo\/image\/"}}]}},"_links":{"self":[{"href":"https:\/\/unisen.com.br\/site\/wp-json\/wp\/v2\/pages\/748","targetHints":{"allow":["GET"]}}],"collection":[{"href":"https:\/\/unisen.com.br\/site\/wp-json\/wp\/v2\/pages"}],"about":[{"href":"https:\/\/unisen.com.br\/site\/wp-json\/wp\/v2\/types\/page"}],"author":[{"embeddable":true,"href":"https:\/\/unisen.com.br\/site\/wp-json\/wp\/v2\/users\/1"}],"replies":[{"embeddable":true,"href":"https:\/\/unisen.com.br\/site\/wp-json\/wp\/v2\/comments?post=748"}],"version-history":[{"count":25,"href":"https:\/\/unisen.com.br\/site\/wp-json\/wp\/v2\/pages\/748\/revisions"}],"predecessor-version":[{"id":803,"href":"https:\/\/unisen.com.br\/site\/wp-json\/wp\/v2\/pages\/748\/revisions\/803"}],"wp:attachment":[{"href":"https:\/\/unisen.com.br\/site\/wp-json\/wp\/v2\/media?parent=748"}],"curies":[{"name":"wp","href":"https:\/\/api.w.org\/{rel}","templated":true}]}}